{"id":106,"date":"2025-07-20T09:30:19","date_gmt":"2025-07-20T09:30:19","guid":{"rendered":"https:\/\/tm-drivetech.de\/?page_id=106"},"modified":"2025-08-29T13:06:19","modified_gmt":"2025-08-29T13:06:19","slug":"impressum-datenschutzerklarung","status":"publish","type":"page","link":"https:\/\/tm-drivetech.de\/index.php\/impressum-datenschutzerklarung\/","title":{"rendered":"Impressum \/ Datenschutzerkl\u00e4rung"},"content":{"rendered":"\t\t<div data-elementor-type=\"wp-page\" data-elementor-id=\"106\" class=\"elementor elementor-106\" data-elementor-post-type=\"page\">\n\t\t\t\t<div class=\"elementor-element elementor-element-b93f73f e-flex e-con-boxed e-con e-parent\" data-id=\"b93f73f\" data-element_type=\"container\">\n\t\t\t\t\t<div class=\"e-con-inner\">\n\t\t<div class=\"elementor-element elementor-element-d106754 e-con-full e-flex e-con e-child\" data-id=\"d106754\" data-element_type=\"container\" data-settings=\"{&quot;background_background&quot;:&quot;classic&quot;,&quot;background_motion_fx_motion_fx_scrolling&quot;:&quot;yes&quot;,&quot;background_motion_fx_devices&quot;:[&quot;desktop&quot;,&quot;tablet&quot;,&quot;mobile&quot;]}\">\n\t\t\t\t<\/div>\n\t\t\t\t<div class=\"elementor-element elementor-element-bfdeffb elementor-widget elementor-widget-heading\" data-id=\"bfdeffb\" data-element_type=\"widget\" data-widget_type=\"heading.default\">\n\t\t\t\t\t<h3 class=\"elementor-heading-title elementor-size-default\">Impressum<\/h3>\t\t\t\t<\/div>\n\t\t\t\t<div class=\"elementor-element elementor-element-e3bd018 elementor-widget elementor-widget-text-editor\" data-id=\"e3bd018\" data-element_type=\"widget\" data-widget_type=\"text-editor.default\">\n\t\t\t\t\t\t\t\t\t<p><b><span data-contrast=\"auto\">Angaben gem\u00e4\u00df \u00a7 5 TMG<\/span><\/b>&nbsp;<br><span data-contrast=\"auto\"> TM-DriveTech<\/span>&nbsp;<br><span data-contrast=\"auto\"> Thomas Messerer<\/span>&nbsp;<br><span data-contrast=\"auto\"> Lehen 1a, 83674 Gai\u00dfach<\/span>&nbsp;<br><span data-contrast=\"auto\"> Telefon: 0176 31028390<\/span>&nbsp;<br><span data-contrast=\"auto\"> E-Mail: <\/span><a href=\"mailto:ino@tm-drivetech.de\"><span data-contrast=\"none\">ino@tm-drivetech.de<\/span><\/a><span data-ccp-props=\"{&quot;134233117&quot;:false,&quot;134233118&quot;:false,&quot;335559738&quot;:240,&quot;335559739&quot;:240}\">&nbsp;<\/span><\/p>\n<p><b><span data-contrast=\"auto\">Vertreten durch:<\/span><\/b>&nbsp;<br><span data-contrast=\"auto\"> Thomas Messerer<\/span><span data-ccp-props=\"{&quot;134233117&quot;:false,&quot;134233118&quot;:false,&quot;335559738&quot;:240,&quot;335559739&quot;:240}\">&nbsp;<br>Umsatzsteuer-Identifikationsnummer:&nbsp;DE288515627<\/span><\/p>\n<p><b><span data-contrast=\"auto\">Verantwortlich f\u00fcr den Inhalt nach \u00a7 55 Abs. 2 RStV:<\/span><\/b>&nbsp;<br><span data-contrast=\"auto\"> Thomas Messerer<\/span>&nbsp;<br><span data-contrast=\"auto\"> [Adresse wie oben]<\/span><span data-ccp-props=\"{&quot;134233117&quot;:false,&quot;134233118&quot;:false,&quot;335559738&quot;:240,&quot;335559739&quot;:240}\">&nbsp;<\/span><\/p>\n<p><b><span data-contrast=\"auto\">Plattform der EU-Kommission zur Online-Streitbeilegung:<\/span><\/b>&nbsp;<br><a href=\"https:\/\/ec.europa.eu\/consumers\/odr\"><span data-contrast=\"none\">https:\/\/ec.europa.eu\/consumers\/odr<\/span><\/a><span data-ccp-props=\"{&quot;134233117&quot;:false,&quot;134233118&quot;:false,&quot;335559738&quot;:240,&quot;335559739&quot;:240}\">&nbsp;<\/span><\/p>\t\t\t\t\t\t\t\t<\/div>\n\t\t\t\t<div class=\"elementor-element elementor-element-07124f2 elementor-widget elementor-widget-heading\" data-id=\"07124f2\" data-element_type=\"widget\" data-widget_type=\"heading.default\">\n\t\t\t\t\t<h4 class=\"elementor-heading-title elementor-size-default\">Datenschutzerkl\u00e4rung<\/h4>\t\t\t\t<\/div>\n\t\t\t\t<div class=\"elementor-element elementor-element-1698000 elementor-widget elementor-widget-text-editor\" data-id=\"1698000\" data-element_type=\"widget\" data-widget_type=\"text-editor.default\">\n\t\t\t\t\t\t\t\t\t<h5 aria-level=\"3\"><span data-contrast=\"none\">Allgemeine Hinweise<\/span><span data-ccp-props=\"{&quot;134233117&quot;:false,&quot;134233118&quot;:false,&quot;134245418&quot;:true,&quot;134245529&quot;:true,&quot;335559738&quot;:281,&quot;335559739&quot;:281}\">\u00a0<\/span><\/h5><p><span data-contrast=\"auto\">Der Schutz deiner pers\u00f6nlichen Daten ist uns wichtig. Die folgenden Hinweise geben einen einfachen \u00dcberblick dar\u00fcber, was mit deinen Daten passiert, wenn du unsere Website besuchst.<\/span><span data-ccp-props=\"{&quot;134233117&quot;:false,&quot;134233118&quot;:false,&quot;335559738&quot;:240,&quot;335559739&quot;:240}\">\u00a0<\/span><\/p><h5 aria-level=\"3\"><span data-contrast=\"none\">Verantwortliche Stelle<\/span><span data-ccp-props=\"{&quot;134233117&quot;:false,&quot;134233118&quot;:false,&quot;134245418&quot;:true,&quot;134245529&quot;:true,&quot;335559738&quot;:281,&quot;335559739&quot;:281}\">\u00a0<\/span><\/h5><p><span data-contrast=\"auto\">TM-DriveTech<\/span>\u00a0<br \/><span data-contrast=\"auto\"> Thomas Messerer<\/span>\u00a0<br \/><span data-contrast=\"auto\"> E-Mail: <\/span><a href=\"mailto:ino@tm-drivetech.de\"><span data-contrast=\"none\">ino@tm-drivetech.de<\/span><\/a><span data-ccp-props=\"{&quot;134233117&quot;:false,&quot;134233118&quot;:false,&quot;335559738&quot;:240,&quot;335559739&quot;:240}\">\u00a0<\/span><\/p><h5 aria-level=\"3\"><span data-contrast=\"none\">Erhebung und Verarbeitung personenbezogener Daten<\/span><span data-ccp-props=\"{&quot;134233117&quot;:false,&quot;134233118&quot;:false,&quot;134245418&quot;:true,&quot;134245529&quot;:true,&quot;335559738&quot;:281,&quot;335559739&quot;:281}\">\u00a0<\/span><\/h5><p><span data-contrast=\"auto\">Personenbezogene Daten (z.\u202fB. Name, Telefonnummer, E-Mail-Adresse) werden nur erhoben, wenn du uns diese freiwillig mitteilst \u2013 z.\u202fB. im Rahmen einer Anfrage.<\/span><span data-ccp-props=\"{&quot;134233117&quot;:false,&quot;134233118&quot;:false,&quot;335559738&quot;:240,&quot;335559739&quot;:240}\">\u00a0<\/span><\/p><h5 aria-level=\"3\"><span data-contrast=\"none\">Zweck der Verarbeitung<\/span><span data-ccp-props=\"{&quot;134233117&quot;:false,&quot;134233118&quot;:false,&quot;134245418&quot;:true,&quot;134245529&quot;:true,&quot;335559738&quot;:281,&quot;335559739&quot;:281}\">\u00a0<\/span><\/h5><p><span data-contrast=\"auto\">Wir nutzen deine Daten ausschlie\u00dflich zur Bearbeitung deiner Anfrage oder zur Kontaktaufnahme.<\/span><span data-ccp-props=\"{&quot;134233117&quot;:false,&quot;134233118&quot;:false,&quot;335559738&quot;:240,&quot;335559739&quot;:240}\">\u00a0<\/span><\/p><h5 aria-level=\"3\"><span data-contrast=\"none\">Weitergabe an Dritte<\/span><span data-ccp-props=\"{&quot;134233117&quot;:false,&quot;134233118&quot;:false,&quot;134245418&quot;:true,&quot;134245529&quot;:true,&quot;335559738&quot;:281,&quot;335559739&quot;:281}\">\u00a0<\/span><\/h5><p><span data-contrast=\"auto\">Eine Weitergabe deiner Daten an Dritte erfolgt nicht ohne deine ausdr\u00fcckliche Einwilligung.<\/span><span data-ccp-props=\"{&quot;134233117&quot;:false,&quot;134233118&quot;:false,&quot;335559738&quot;:240,&quot;335559739&quot;:240}\">\u00a0<\/span><\/p><h5 aria-level=\"3\"><span data-contrast=\"none\">Deine Rechte<\/span><span data-ccp-props=\"{&quot;134233117&quot;:false,&quot;134233118&quot;:false,&quot;134245418&quot;:true,&quot;134245529&quot;:true,&quot;335559738&quot;:281,&quot;335559739&quot;:281}\">\u00a0<\/span><\/h5><p><span data-contrast=\"auto\">Du hast jederzeit das Recht auf:<\/span><span data-ccp-props=\"{&quot;134233117&quot;:false,&quot;134233118&quot;:false,&quot;335559738&quot;:240,&quot;335559739&quot;:240}\">\u00a0<\/span><\/p><ul><li aria-setsize=\"-1\" data-leveltext=\"\uf0b7\" data-font=\"Symbol\" data-listid=\"1\" data-list-defn-props=\"{&quot;335552541&quot;:1,&quot;335559685&quot;:720,&quot;335559991&quot;:360,&quot;469769226&quot;:&quot;Symbol&quot;,&quot;469769242&quot;:[8226],&quot;469777803&quot;:&quot;left&quot;,&quot;469777804&quot;:&quot;\uf0b7&quot;,&quot;469777815&quot;:&quot;hybridMultilevel&quot;}\" data-aria-posinset=\"1\" data-aria-level=\"1\"><span data-contrast=\"auto\">Auskunft \u00fcber deine gespeicherten Daten<\/span><span data-ccp-props=\"{&quot;134233117&quot;:false,&quot;134233118&quot;:false,&quot;335559738&quot;:240,&quot;335559739&quot;:240}\">\u00a0<\/span><\/li><\/ul><ul><li aria-setsize=\"-1\" data-leveltext=\"\uf0b7\" data-font=\"Symbol\" data-listid=\"1\" data-list-defn-props=\"{&quot;335552541&quot;:1,&quot;335559685&quot;:720,&quot;335559991&quot;:360,&quot;469769226&quot;:&quot;Symbol&quot;,&quot;469769242&quot;:[8226],&quot;469777803&quot;:&quot;left&quot;,&quot;469777804&quot;:&quot;\uf0b7&quot;,&quot;469777815&quot;:&quot;hybridMultilevel&quot;}\" data-aria-posinset=\"2\" data-aria-level=\"1\"><span data-contrast=\"auto\">Berichtigung oder L\u00f6schung deiner Daten<\/span><span data-ccp-props=\"{&quot;134233117&quot;:false,&quot;134233118&quot;:false,&quot;335559738&quot;:240,&quot;335559739&quot;:240}\">\u00a0<\/span><\/li><\/ul><ul><li aria-setsize=\"-1\" data-leveltext=\"\uf0b7\" data-font=\"Symbol\" data-listid=\"1\" data-list-defn-props=\"{&quot;335552541&quot;:1,&quot;335559685&quot;:720,&quot;335559991&quot;:360,&quot;469769226&quot;:&quot;Symbol&quot;,&quot;469769242&quot;:[8226],&quot;469777803&quot;:&quot;left&quot;,&quot;469777804&quot;:&quot;\uf0b7&quot;,&quot;469777815&quot;:&quot;hybridMultilevel&quot;}\" data-aria-posinset=\"3\" data-aria-level=\"1\"><span data-contrast=\"auto\">Einschr\u00e4nkung der Verarbeitung<\/span><span data-ccp-props=\"{&quot;134233117&quot;:false,&quot;134233118&quot;:false,&quot;335559738&quot;:240,&quot;335559739&quot;:240}\">\u00a0<\/span><\/li><\/ul><ul><li aria-setsize=\"-1\" data-leveltext=\"\uf0b7\" data-font=\"Symbol\" data-listid=\"1\" data-list-defn-props=\"{&quot;335552541&quot;:1,&quot;335559685&quot;:720,&quot;335559991&quot;:360,&quot;469769226&quot;:&quot;Symbol&quot;,&quot;469769242&quot;:[8226],&quot;469777803&quot;:&quot;left&quot;,&quot;469777804&quot;:&quot;\uf0b7&quot;,&quot;469777815&quot;:&quot;hybridMultilevel&quot;}\" data-aria-posinset=\"4\" data-aria-level=\"1\"><span data-contrast=\"auto\">Widerspruch gegen die Verarbeitung<\/span><span data-ccp-props=\"{&quot;134233117&quot;:false,&quot;134233118&quot;:false,&quot;335559738&quot;:240,&quot;335559739&quot;:240}\">\u00a0<\/span><\/li><li aria-setsize=\"-1\" data-leveltext=\"\uf0b7\" data-font=\"Symbol\" data-listid=\"1\" data-list-defn-props=\"{&quot;335552541&quot;:1,&quot;335559685&quot;:720,&quot;335559991&quot;:360,&quot;469769226&quot;:&quot;Symbol&quot;,&quot;469769242&quot;:[8226],&quot;469777803&quot;:&quot;left&quot;,&quot;469777804&quot;:&quot;\uf0b7&quot;,&quot;469777815&quot;:&quot;hybridMultilevel&quot;}\" data-aria-posinset=\"5\" data-aria-level=\"1\"><span data-contrast=\"auto\">Daten\u00fcbertragbarkeit<\/span><span data-ccp-props=\"{&quot;134233117&quot;:false,&quot;134233118&quot;:false,&quot;335559738&quot;:240,&quot;335559739&quot;:240}\">\u00a0<br \/><\/span><\/li><\/ul><p>\u00a0<\/p><p><span data-contrast=\"auto\">Bitte kontaktiere uns dazu unter <\/span><a href=\"mailto:ino@tm-drivetech.de\"><span data-contrast=\"none\">ino@tm-drivetech.de<\/span><\/a><span data-contrast=\"auto\">.<\/span><span data-ccp-props=\"{&quot;134233117&quot;:false,&quot;134233118&quot;:false,&quot;335559738&quot;:240,&quot;335559739&quot;:240}\">\u00a0<\/span><\/p><h5 aria-level=\"3\"><strong>Hosting und Server-Logfiles\u00a0<\/strong><\/h5><p><span data-contrast=\"auto\">Unser Webhosting-Anbieter speichert automatisch Informationen in sogenannten Server-Logfiles (z.\u202fB. IP-Adresse, Browsertyp, Uhrzeit), die zur Fehleranalyse und Sicherheit dienen.<\/span><span data-ccp-props=\"{&quot;134233117&quot;:false,&quot;134233118&quot;:false,&quot;335559738&quot;:240,&quot;335559739&quot;:240}\">\u00a0<\/span><\/p><p>\u00a0<\/p><h5 aria-level=\"2\"><b><span data-contrast=\"none\">Haftungsausschluss \/ Tuning-Hinweis<\/span><\/b><span data-ccp-props=\"{&quot;134233117&quot;:false,&quot;134233118&quot;:false,&quot;134245418&quot;:true,&quot;134245529&quot;:true,&quot;335559738&quot;:0,&quot;335559739&quot;:299}\">\u00a0<\/span><\/h5><p><b><span data-contrast=\"auto\">Leistungssteigerung ohne T\u00dcV-Abnahme:<\/span><\/b>\u00a0<br \/><span data-contrast=\"auto\"> Unsere Softwareoptimierungen sind nicht f\u00fcr den \u00f6ffentlichen Stra\u00dfenverkehr gepr\u00fcft oder zugelassen. Der Betrieb kann zum Erl\u00f6schen der Betriebserlaubnis f\u00fchren, sofern keine T\u00dcV-Abnahme erfolgt.<\/span><span data-ccp-props=\"{&quot;134233117&quot;:false,&quot;134233118&quot;:false,&quot;335559738&quot;:240,&quot;335559739&quot;:240}\">\u00a0<\/span><\/p><p><b><span data-contrast=\"auto\">Haftungsausschluss:<\/span><\/b>\u00a0<br \/><span data-contrast=\"auto\"> TM-DriveTech \u00fcbernimmt keine Haftung f\u00fcr Sch\u00e4den, die durch unsachgem\u00e4\u00dfe Nutzung der Software entstehen. Die Verantwortung f\u00fcr Eintragungen, rechtliche Zul\u00e4ssigkeit und Auswirkungen auf Garantie oder Versicherung liegt beim Fahrzeughalter.<\/span><span data-ccp-props=\"{&quot;134233117&quot;:false,&quot;134233118&quot;:false,&quot;335559738&quot;:240,&quot;335559739&quot;:240}\">\u00a0<\/span><\/p><p><b><span data-contrast=\"auto\">Garantie &amp; R\u00fcckr\u00fcstung:<\/span><\/b>\u00a0<br \/><span data-contrast=\"auto\"> Fahrzeuge mit Herstellergarantie k\u00f6nnen durch Software\u00e4nderungen ihren Garantieanspruch verlieren. Auf Wunsch bieten wir eine R\u00fcckr\u00fcstung auf den Serienzustand an.<\/span><span data-ccp-props=\"{&quot;134233117&quot;:false,&quot;134233118&quot;:false,&quot;335559738&quot;:240,&quot;335559739&quot;:240}\">\u00a0<\/span><\/p><p><span data-ccp-props=\"{}\">\u00a0<\/span><\/p><h5 aria-level=\"2\"><b><span data-contrast=\"none\">AGB\u00a0<\/span><\/b><\/h5><ol><li><b><span data-contrast=\"auto\">Geltungsbereich<\/span><\/b>\u00a0<br \/><span data-contrast=\"auto\"> Diese Allgemeinen Gesch\u00e4ftsbedingungen gelten f\u00fcr alle Leistungen von TM-DriveTech im Bereich Softwareoptimierung.<\/span><span data-ccp-props=\"{&quot;134233117&quot;:false,&quot;134233118&quot;:false,&quot;335559738&quot;:240,&quot;335559739&quot;:240}\">\u00a0<\/span><\/li><li aria-setsize=\"-1\" data-leveltext=\"%1.\" data-font=\"Aptos\" data-listid=\"2\" data-list-defn-props=\"{&quot;335552541&quot;:0,&quot;335559685&quot;:720,&quot;335559991&quot;:360,&quot;469769242&quot;:[65533,0],&quot;469777803&quot;:&quot;left&quot;,&quot;469777804&quot;:&quot;%1.&quot;,&quot;469777815&quot;:&quot;hybridMultilevel&quot;}\" data-aria-posinset=\"2\" data-aria-level=\"1\"><b><span data-contrast=\"auto\">Leistungsbeschreibung<\/span><\/b>\u00a0<br \/><span data-contrast=\"auto\"> Die Softwareoptimierung erfolgt auf Kundenwunsch und basiert auf der jeweiligen Fahrzeugkonfiguration. Eine T\u00dcV-Eintragung ist nicht Bestandteil unserer Leistungen.<\/span><span data-ccp-props=\"{&quot;134233117&quot;:false,&quot;134233118&quot;:false,&quot;335559738&quot;:240,&quot;335559739&quot;:240}\">\u00a0<\/span><\/li><li aria-setsize=\"-1\" data-leveltext=\"%1.\" data-font=\"Aptos\" data-listid=\"2\" data-list-defn-props=\"{&quot;335552541&quot;:0,&quot;335559685&quot;:720,&quot;335559991&quot;:360,&quot;469769242&quot;:[65533,0],&quot;469777803&quot;:&quot;left&quot;,&quot;469777804&quot;:&quot;%1.&quot;,&quot;469777815&quot;:&quot;hybridMultilevel&quot;}\" data-aria-posinset=\"2\" data-aria-level=\"1\"><b><span data-contrast=\"auto\">Zahlung<\/span><\/b>\u00a0<br \/><span data-contrast=\"auto\"> Zahlungen erfolgen bar vor Ort oder nach Absprache per \u00dcberweisung. Es gelten die vereinbarten Preise.<\/span><span data-ccp-props=\"{&quot;134233117&quot;:false,&quot;134233118&quot;:false,&quot;335559738&quot;:240,&quot;335559739&quot;:240}\">\u00a0<\/span><\/li><li aria-setsize=\"-1\" data-leveltext=\"%1.\" data-font=\"Aptos\" data-listid=\"2\" data-list-defn-props=\"{&quot;335552541&quot;:0,&quot;335559685&quot;:720,&quot;335559991&quot;:360,&quot;469769242&quot;:[65533,0],&quot;469777803&quot;:&quot;left&quot;,&quot;469777804&quot;:&quot;%1.&quot;,&quot;469777815&quot;:&quot;hybridMultilevel&quot;}\" data-aria-posinset=\"2\" data-aria-level=\"1\"><b><span data-contrast=\"auto\">Haftung<\/span><\/b>\u00a0<br \/><span data-contrast=\"auto\"> TM-DriveTech haftet nur f\u00fcr vors\u00e4tzliche oder grob fahrl\u00e4ssige Pflichtverletzungen. F\u00fcr Sch\u00e4den durch unsachgem\u00e4\u00dfen Einbau, Fremdsoftware oder ver\u00e4nderte Fahrzeugeinstellungen \u00fcbernehmen wir keine Haftung.<\/span><span data-ccp-props=\"{&quot;134233117&quot;:false,&quot;134233118&quot;:false,&quot;335559738&quot;:240,&quot;335559739&quot;:240}\">\u00a0<\/span><\/li><li aria-setsize=\"-1\" data-leveltext=\"%1.\" data-font=\"Aptos\" data-listid=\"2\" data-list-defn-props=\"{&quot;335552541&quot;:0,&quot;335559685&quot;:720,&quot;335559991&quot;:360,&quot;469769242&quot;:[65533,0],&quot;469777803&quot;:&quot;left&quot;,&quot;469777804&quot;:&quot;%1.&quot;,&quot;469777815&quot;:&quot;hybridMultilevel&quot;}\" data-aria-posinset=\"2\" data-aria-level=\"1\"><b><span data-contrast=\"auto\">Garantie &amp; R\u00fcckr\u00fcstung<\/span><\/b>\u00a0<br \/><span data-contrast=\"auto\"> Der Kunde wird ausdr\u00fccklich darauf hingewiesen, dass durch Softwareoptimierungen Garantieanspr\u00fcche des Fahrzeugherstellers entfallen k\u00f6nnen.<\/span><span data-ccp-props=\"{&quot;134233117&quot;:false,&quot;134233118&quot;:false,&quot;335559738&quot;:240,&quot;335559739&quot;:240}\">\u00a0<\/span><\/li><li aria-setsize=\"-1\" data-leveltext=\"%1.\" data-font=\"Aptos\" data-listid=\"2\" data-list-defn-props=\"{&quot;335552541&quot;:0,&quot;335559685&quot;:720,&quot;335559991&quot;:360,&quot;469769242&quot;:[65533,0],&quot;469777803&quot;:&quot;left&quot;,&quot;469777804&quot;:&quot;%1.&quot;,&quot;469777815&quot;:&quot;hybridMultilevel&quot;}\" data-aria-posinset=\"2\" data-aria-level=\"1\"><b><span data-contrast=\"auto\">Gerichtsstand<\/span><\/b>\u00a0<br \/><span data-contrast=\"auto\"> Gerichtsstand ist der Sitz des Unternehmens, sofern gesetzlich zul\u00e4ssig.<\/span><span data-ccp-props=\"{&quot;134233117&quot;:false,&quot;134233118&quot;:false,&quot;335559738&quot;:240,&quot;335559739&quot;:240}\">\u00a0<\/span><\/li><\/ol><p><span data-ccp-props=\"{}\">\u00a0<\/span><\/p>\t\t\t\t\t\t\t\t<\/div>\n\t\t\t\t\t<\/div>\n\t\t\t\t<\/div>\n\t\t\t\t<\/div>\n\t\t","protected":false},"excerpt":{"rendered":"<p>Impressum Angaben gem\u00e4\u00df \u00a7 5 TMG&nbsp; TM-DriveTech&nbsp; Thomas Messerer&nbsp; Lehen 1a, 83674 Gai\u00dfach&nbsp; Telefon: 0176 31028390&nbsp; E-Mail: ino@tm-drivetech.de&nbsp; Vertreten durch:&nbsp; Thomas Messerer&nbsp;Umsatzsteuer-Identifikationsnummer:&nbsp;DE288515627 Verantwortlich f\u00fcr den Inhalt nach \u00a7 55 Abs. 2 RStV:&nbsp; Thomas Messerer&nbsp; [Adresse wie oben]&nbsp; Plattform der EU-Kommission zur Online-Streitbeilegung:&nbsp;https:\/\/ec.europa.eu\/consumers\/odr&nbsp; Datenschutzerkl\u00e4rung Allgemeine Hinweise\u00a0 Der Schutz deiner pers\u00f6nlichen Daten ist uns wichtig. Die folgenden [&hellip;]<\/p>\n","protected":false},"author":1,"featured_media":0,"parent":0,"menu_order":0,"comment_status":"closed","ping_status":"closed","template":"","meta":{"footnotes":""},"class_list":["post-106","page","type-page","status-publish","hentry"],"yoast_head":"<!-- This site is optimized with the Yoast SEO plugin v26.1.1 - https:\/\/yoast.com\/wordpress\/plugins\/seo\/ -->\n<title>Impressum \/ Datenschutzerkl\u00e4rung - TM-Drivetech<\/title>\n<meta name=\"description\" content=\"Hier findet sich alles rechtlich und datenschutztechnisch Relevante zu meiner Homepage. Meine Leistungen findest du auf der Homepage!\" \/>\n<meta name=\"robots\" content=\"index, follow, max-snippet:-1, max-image-preview:large, max-video-preview:-1\" \/>\n<link rel=\"canonical\" href=\"https:\/\/tm-drivetech.de\/index.php\/impressum-datenschutzerklarung\/\" \/>\n<meta property=\"og:locale\" content=\"en_US\" \/>\n<meta property=\"og:type\" content=\"article\" \/>\n<meta property=\"og:title\" content=\"Impressum \/ Datenschutzerkl\u00e4rung - TM-Drivetech\" \/>\n<meta property=\"og:description\" content=\"Hier findet sich alles rechtlich und datenschutztechnisch Relevante zu meiner Homepage. Meine Leistungen findest du auf der Homepage!\" \/>\n<meta property=\"og:url\" content=\"https:\/\/tm-drivetech.de\/index.php\/impressum-datenschutzerklarung\/\" \/>\n<meta property=\"og:site_name\" content=\"TM-Drivetech\" \/>\n<meta property=\"article:modified_time\" content=\"2025-08-29T13:06:19+00:00\" \/>\n<meta name=\"twitter:card\" content=\"summary_large_image\" \/>\n<meta name=\"twitter:label1\" content=\"Est. reading time\" \/>\n\t<meta name=\"twitter:data1\" content=\"2 minutes\" \/>\n<script type=\"application\/ld+json\" class=\"yoast-schema-graph\">{\"@context\":\"https:\/\/schema.org\",\"@graph\":[{\"@type\":\"WebPage\",\"@id\":\"https:\/\/tm-drivetech.de\/index.php\/impressum-datenschutzerklarung\/\",\"url\":\"https:\/\/tm-drivetech.de\/index.php\/impressum-datenschutzerklarung\/\",\"name\":\"Impressum \/ Datenschutzerkl\u00e4rung - TM-Drivetech\",\"isPartOf\":{\"@id\":\"https:\/\/tm-drivetech.de\/#website\"},\"datePublished\":\"2025-07-20T09:30:19+00:00\",\"dateModified\":\"2025-08-29T13:06:19+00:00\",\"description\":\"Hier findet sich alles rechtlich und datenschutztechnisch Relevante zu meiner Homepage. Meine Leistungen findest du auf der Homepage!\",\"breadcrumb\":{\"@id\":\"https:\/\/tm-drivetech.de\/index.php\/impressum-datenschutzerklarung\/#breadcrumb\"},\"inLanguage\":\"en-US\",\"potentialAction\":[{\"@type\":\"ReadAction\",\"target\":[\"https:\/\/tm-drivetech.de\/index.php\/impressum-datenschutzerklarung\/\"]}]},{\"@type\":\"BreadcrumbList\",\"@id\":\"https:\/\/tm-drivetech.de\/index.php\/impressum-datenschutzerklarung\/#breadcrumb\",\"itemListElement\":[{\"@type\":\"ListItem\",\"position\":1,\"name\":\"Home\",\"item\":\"https:\/\/tm-drivetech.de\/\"},{\"@type\":\"ListItem\",\"position\":2,\"name\":\"Impressum \/ Datenschutzerkl\u00e4rung\"}]},{\"@type\":\"WebSite\",\"@id\":\"https:\/\/tm-drivetech.de\/#website\",\"url\":\"https:\/\/tm-drivetech.de\/\",\"name\":\"TM-Drivetech\",\"description\":\"Unlock true potential!\",\"publisher\":{\"@id\":\"https:\/\/tm-drivetech.de\/#organization\"},\"potentialAction\":[{\"@type\":\"SearchAction\",\"target\":{\"@type\":\"EntryPoint\",\"urlTemplate\":\"https:\/\/tm-drivetech.de\/?s={search_term_string}\"},\"query-input\":{\"@type\":\"PropertyValueSpecification\",\"valueRequired\":true,\"valueName\":\"search_term_string\"}}],\"inLanguage\":\"en-US\"},{\"@type\":\"Organization\",\"@id\":\"https:\/\/tm-drivetech.de\/#organization\",\"name\":\"TM-Drivetech\",\"url\":\"https:\/\/tm-drivetech.de\/\",\"logo\":{\"@type\":\"ImageObject\",\"inLanguage\":\"en-US\",\"@id\":\"https:\/\/tm-drivetech.de\/#\/schema\/logo\/image\/\",\"url\":\"http:\/\/tm-drivetech.de\/wp-content\/uploads\/2025\/07\/TM-320x320-1.png\",\"contentUrl\":\"http:\/\/tm-drivetech.de\/wp-content\/uploads\/2025\/07\/TM-320x320-1.png\",\"width\":320,\"height\":320,\"caption\":\"TM-Drivetech\"},\"image\":{\"@id\":\"https:\/\/tm-drivetech.de\/#\/schema\/logo\/image\/\"},\"sameAs\":[\"https:\/\/www.instagram.com\/tmdrivetech\/\"]}]}<\/script>\n<!-- \/ Yoast SEO plugin. -->","yoast_head_json":{"title":"Impressum \/ Datenschutzerkl\u00e4rung - TM-Drivetech","description":"Hier findet sich alles rechtlich und datenschutztechnisch Relevante zu meiner Homepage. Meine Leistungen findest du auf der Homepage!","robots":{"index":"index","follow":"follow","max-snippet":"max-snippet:-1","max-image-preview":"max-image-preview:large","max-video-preview":"max-video-preview:-1"},"canonical":"https:\/\/tm-drivetech.de\/index.php\/impressum-datenschutzerklarung\/","og_locale":"en_US","og_type":"article","og_title":"Impressum \/ Datenschutzerkl\u00e4rung - TM-Drivetech","og_description":"Hier findet sich alles rechtlich und datenschutztechnisch Relevante zu meiner Homepage. Meine Leistungen findest du auf der Homepage!","og_url":"https:\/\/tm-drivetech.de\/index.php\/impressum-datenschutzerklarung\/","og_site_name":"TM-Drivetech","article_modified_time":"2025-08-29T13:06:19+00:00","twitter_card":"summary_large_image","twitter_misc":{"Est. reading time":"2 minutes"},"schema":{"@context":"https:\/\/schema.org","@graph":[{"@type":"WebPage","@id":"https:\/\/tm-drivetech.de\/index.php\/impressum-datenschutzerklarung\/","url":"https:\/\/tm-drivetech.de\/index.php\/impressum-datenschutzerklarung\/","name":"Impressum \/ Datenschutzerkl\u00e4rung - TM-Drivetech","isPartOf":{"@id":"https:\/\/tm-drivetech.de\/#website"},"datePublished":"2025-07-20T09:30:19+00:00","dateModified":"2025-08-29T13:06:19+00:00","description":"Hier findet sich alles rechtlich und datenschutztechnisch Relevante zu meiner Homepage. Meine Leistungen findest du auf der Homepage!","breadcrumb":{"@id":"https:\/\/tm-drivetech.de\/index.php\/impressum-datenschutzerklarung\/#breadcrumb"},"inLanguage":"en-US","potentialAction":[{"@type":"ReadAction","target":["https:\/\/tm-drivetech.de\/index.php\/impressum-datenschutzerklarung\/"]}]},{"@type":"BreadcrumbList","@id":"https:\/\/tm-drivetech.de\/index.php\/impressum-datenschutzerklarung\/#breadcrumb","itemListElement":[{"@type":"ListItem","position":1,"name":"Home","item":"https:\/\/tm-drivetech.de\/"},{"@type":"ListItem","position":2,"name":"Impressum \/ Datenschutzerkl\u00e4rung"}]},{"@type":"WebSite","@id":"https:\/\/tm-drivetech.de\/#website","url":"https:\/\/tm-drivetech.de\/","name":"TM-Drivetech","description":"Unlock true potential!","publisher":{"@id":"https:\/\/tm-drivetech.de\/#organization"},"potentialAction":[{"@type":"SearchAction","target":{"@type":"EntryPoint","urlTemplate":"https:\/\/tm-drivetech.de\/?s={search_term_string}"},"query-input":{"@type":"PropertyValueSpecification","valueRequired":true,"valueName":"search_term_string"}}],"inLanguage":"en-US"},{"@type":"Organization","@id":"https:\/\/tm-drivetech.de\/#organization","name":"TM-Drivetech","url":"https:\/\/tm-drivetech.de\/","logo":{"@type":"ImageObject","inLanguage":"en-US","@id":"https:\/\/tm-drivetech.de\/#\/schema\/logo\/image\/","url":"http:\/\/tm-drivetech.de\/wp-content\/uploads\/2025\/07\/TM-320x320-1.png","contentUrl":"http:\/\/tm-drivetech.de\/wp-content\/uploads\/2025\/07\/TM-320x320-1.png","width":320,"height":320,"caption":"TM-Drivetech"},"image":{"@id":"https:\/\/tm-drivetech.de\/#\/schema\/logo\/image\/"},"sameAs":["https:\/\/www.instagram.com\/tmdrivetech\/"]}]}},"_links":{"self":[{"href":"https:\/\/tm-drivetech.de\/index.php\/wp-json\/wp\/v2\/pages\/106","targetHints":{"allow":["GET"]}}],"collection":[{"href":"https:\/\/tm-drivetech.de\/index.php\/wp-json\/wp\/v2\/pages"}],"about":[{"href":"https:\/\/tm-drivetech.de\/index.php\/wp-json\/wp\/v2\/types\/page"}],"author":[{"embeddable":true,"href":"https:\/\/tm-drivetech.de\/index.php\/wp-json\/wp\/v2\/users\/1"}],"replies":[{"embeddable":true,"href":"https:\/\/tm-drivetech.de\/index.php\/wp-json\/wp\/v2\/comments?post=106"}],"version-history":[{"count":34,"href":"https:\/\/tm-drivetech.de\/index.php\/wp-json\/wp\/v2\/pages\/106\/revisions"}],"predecessor-version":[{"id":530,"href":"https:\/\/tm-drivetech.de\/index.php\/wp-json\/wp\/v2\/pages\/106\/revisions\/530"}],"wp:attachment":[{"href":"https:\/\/tm-drivetech.de\/index.php\/wp-json\/wp\/v2\/media?parent=106"}],"curies":[{"name":"wp","href":"https:\/\/api.w.org\/{rel}","templated":true}]}}